{"id":8047,"date":"2021-02-25T23:30:35","date_gmt":"2021-02-25T23:30:35","guid":{"rendered":"https:\/\/www.globaldentalalbania.it\/en\/?page_id=8047"},"modified":"2021-03-09T01:38:07","modified_gmt":"2021-03-09T01:38:07","slug":"odontoiatria-estetica","status":"publish","type":"page","link":"https:\/\/www.globaldentalalbania.it\/en\/services\/odontoiatria-estetica\/","title":{"rendered":"Odontoiatria Estetica"},"content":{"rendered":"<section class=\"l-section wpb_row us_custom_94dbe496 height_auto with_overlay\"><div class=\"l-section-overlay\" style=\"background: rgba(17,51,55,0.80)\"><\/div><div class=\"l-section-h i-cf\"><div class=\"g-cols vc_row type_default valign_top\"><div class=\"vc_col-sm-12 wpb_column vc_column_container\"><div class=\"vc_column-inner\"><div class=\"wpb_wrapper\"><div class=\"w-separator size_small\"><\/div><div class=\"w-hwrapper align_justify valign_middle\"><h3 class=\"w-post-elm post_title us_custom_6df4bc3a align_left entry-title color_link_inherit has_text_color\">Odontoiatria Estetica<\/h3><ol class=\"g-breadcrumbs us_custom_a3c96ca1 separator_icon align_center has_text_color\" itemscope itemtype=\"http:\/\/schema.org\/BreadcrumbList\"><li class=\"g-breadcrumbs-item\" itemprop=\"itemListElement\" itemscope itemtype=\"http:\/\/schema.org\/ListItem\"><a itemprop=\"item\" href=\"https:\/\/www.globaldentalalbania.it\/en\/\"><span itemprop=\"name\">Home<\/span><\/a><meta itemprop=\"position\" content=\"1\"\/><\/li><li class=\"g-breadcrumbs-separator\"><i class=\"far fa-angle-right\"><\/i><\/li><li class=\"g-breadcrumbs-item\">Pages<\/li><\/ol><\/div><\/div><\/div><\/div><\/div><\/div><\/section><section class=\"l-section wpb_row height_custom\"><div class=\"l-section-h i-cf\"><div class=\"g-cols vc_row type_default valign_top\"><div class=\"vc_col-sm-8 wpb_column vc_column_container\"><div class=\"vc_column-inner\"><div class=\"wpb_wrapper\"><div class=\"wpb_text_column\" ><div class=\"wpb_wrapper\"><h3>Cosa \u00e8 odontoiatria estetica?<\/h3>\n<p>La Odontoiatria Estetica comprende tutti i rami della stomatologia che servono a creare denti e sorriso perfetti, essa comprende i trattamenti di sbiancamento denti, innesto delle corone e faccette e il trattamento detto\u00b0hollywood smile\u201c<\/p>\n<h3>1. Sbiancamenti denti<\/h3>\n<p>Con il consumo costante di caff\u00e8, sigarette e bibite gassate i nostri denti possono perdere il loro colore, anche la densit\u00e0 dello smalto dentale \u00e8 molto importante per il colore dei denti, e con il passare degli anni lo smalto tende ad assottigliarsi, ed i denti perdono il loro colore naturale. Ad oggi i denti bianchi sono sempre pi\u00f9 popolari sia in Italia che nel mondo, molto spesso ci segnalano l\u2019igiene e la salute di una persona, i denti bianchi hanno anche un aspetto fondamentale nella fiducia in se stessi, quindi sono molto importanti anche dal punto di vista psicologico.<\/p>\n<h3>2. Quale \u00e8 la procedura per lo sbiancamento dentale?<\/h3>\n<p>Questa procedura \u00e8 completamente indolore, anzi, molto spesso risulta piacevole per il paziente. Si pu\u00f2 fare in una sola seduta od in pi\u00f9 volte. Sui denti viene messo un liquido composto da nitrato di potassio e fluoro, non c\u2019\u00e8 bisogno di fare sedute laser. Il procedimento non \u00e8 assolutamente pericoloso, dura alcune ore con risultati incredibili. Molto spesso si pu\u00f2 arrivare ad un rinforzo dello smalto ed ad una diminuzione delle carie<\/p>\n<\/div><\/div><div class=\"w-separator size_large\"><\/div><\/div><\/div><\/div><div class=\"vc_col-sm-4 wpb_column vc_column_container animate_fade\"><div class=\"vc_column-inner us_custom_baeecdb5\"><div class=\"wpb_wrapper\"><div class=\"wpb_text_column us_custom_1f2b778d has_text_color vc_hidden-sm vc_hidden-xs blink_me\" ><div class=\"wpb_wrapper\"><p><img loading=\"lazy\" decoding=\"async\" class=\"wp-image-8060 alignleft\" style=\"margin: 0; display: inline; padding: 0;\" src=\"https:\/\/www.globaldentalalbania.it\/en\/files\/2021\/02\/call.gif\" alt=\"\" width=\"132\" height=\"99\" \/><\/p>\n<h3 style=\"margin-top: 20px; text-align: left;\"><a style=\"display: inline; text-decoration: none; color: #20ad00;\" href=\"tel:+355 69 364 666\"><strong>+355 69 364 6666<\/strong><\/a><\/h3>\n<\/div><\/div><div class=\"w-separator size_small vc_hidden-lg vc_hidden-md\"><\/div><div class=\"wpb_text_column us_custom_1f2b778d has_text_color vc_hidden-lg vc_hidden-md blink_me\" ><div class=\"wpb_wrapper\"><p><center><i class=\"fas fa-phone-square\" style=\"margin: 0 10px 0 10px; font-size: 30px; display: inline-block; padding: 0;\"><\/i> <a style=\"display: inline-block; text-decoration: none; font-size: 30px; color: #20ad00;\" href=\"tel:+355 69 364 666\"><strong>+355 69 364 6666<\/strong><\/a><\/center><\/p>\n<\/div><\/div><div class=\"w-separator size_small with_line width_default thick_1 style_solid color_border align_center\"><div class=\"w-separator-h\"><\/div><\/div><div class=\"wpb_text_column\" ><div class=\"wpb_wrapper\"><p>Richiedi Un Preventivo Gratuito, Compilando Il Form.<br \/>\n*Allega La Tua Panoramica Dentale, Premere Chose File Per Caricare I Documenti E Poi \u201cINVIA RICHIESTA!\u201d<\/p>\n<\/div><\/div><div class=\"w-separator size_small\"><\/div>\n<div class=\"wpcf7 no-js\" id=\"wpcf7-f7853-o1\" lang=\"en-US\" dir=\"ltr\">\n<div class=\"screen-reader-response\"><p role=\"status\" aria-live=\"polite\" aria-atomic=\"true\"><\/p> <ul><\/ul><\/div>\n<form action=\"\/en\/wp-json\/wp\/v2\/pages\/8047#wpcf7-f7853-o1\" method=\"post\" class=\"wpcf7-form init\" aria-label=\"Contact form\" enctype=\"multipart\/form-data\" novalidate=\"novalidate\" data-status=\"init\">\n<div style=\"display: none;\">\n<input type=\"hidden\" name=\"_wpcf7\" value=\"7853\" \/>\n<input type=\"hidden\" name=\"_wpcf7_version\" value=\"5.7.5.1\" \/>\n<input type=\"hidden\" name=\"_wpcf7_locale\" value=\"en_US\" \/>\n<input type=\"hidden\" name=\"_wpcf7_unit_tag\" value=\"wpcf7-f7853-o1\" \/>\n<input type=\"hidden\" name=\"_wpcf7_container_post\" value=\"0\" \/>\n<input type=\"hidden\" name=\"_wpcf7_posted_data_hash\" value=\"\" \/>\n<\/div>\n<div style=\"background: #113337; border: 1px solid #d5d5d5; text-align:center; font-family: 'GlobalDental', sans-serif; font-weight: 400;  border-top-left-radius:5px; border-top-right-radius:5px; color:#fff; padding: 8px 4px; margin-bottom: 0px;\">\n\t<p>Preventivo Gratis\n\t<\/p>\n<\/div>\n<div style=\"margin: 0px 0 0px;\" class=\"clearfix\">\n\t<div id=\"left\">\n\t\t<p><label><br \/>\n<span class=\"wpcf7-form-control-wrap\" data-name=\"nome-cognome\"><input size=\"40\" class=\"wpcf7-form-control wpcf7-text wpcf7-validates-as-required\" aria-required=\"true\" aria-invalid=\"false\" placeholder=\"Name &amp; Surname*\" value=\"\" type=\"text\" name=\"nome-cognome\" \/><\/span> <\/label>\n\t\t<\/p>\n\t<\/div>\n\t<div id=\"right\">\n\t\t<p><label><br \/>\n<span class=\"wpcf7-form-control-wrap\" data-name=\"datelindja\"><input class=\"wpcf7-form-control wpcf7-date wpcf7-validates-as-required wpcf7-validates-as-date\" aria-required=\"true\" aria-invalid=\"false\" value=\"\" type=\"date\" name=\"datelindja\" \/><\/span> <\/label>\n\t\t<\/p>\n\t<\/div>\n<\/div>\n<div style=\"margin: 10px 0 10px;\" class=\"clearfix\">\n\t<div id=\"left\">\n\t\t<p><label> <span class=\"wpcf7-form-control-wrap\" data-name=\"nr-tel\"><input size=\"40\" class=\"wpcf7-form-control wpcf7-text wpcf7-tel wpcf7-validates-as-required wpcf7-validates-as-tel\" aria-required=\"true\" aria-invalid=\"false\" placeholder=\"Phone No.*\" value=\"\" type=\"tel\" name=\"nr-tel\" \/><\/span><\/label>\n\t\t<\/p>\n\t<\/div>\n\t<div id=\"right\">\n\t\t<p><label><span class=\"wpcf7-form-control-wrap\" data-name=\"email\"><input size=\"40\" class=\"wpcf7-form-control wpcf7-text wpcf7-email wpcf7-validates-as-required wpcf7-validates-as-email\" aria-required=\"true\" aria-invalid=\"false\" placeholder=\"Email*\" value=\"\" type=\"email\" name=\"email\" \/><\/span> <\/label>\n\t\t<\/p>\n\t<\/div>\n<\/div>\n<p style=\"font-family: 'GlobalDental', sans-serif; font-weight: 400; color:#023c5b; padding-top:10px; font-size:13px;margin:15px 0 10px;\">Upload a photo or document (.pdf .jpg .jpeg .png .obj)\n<\/p>\n<p><label> <span class=\"wpcf7-form-control-wrap\" data-name=\"fotodocumento\"><input size=\"40\" class=\"wpcf7-form-control wpcf7-file wpcf7-validates-as-required\" accept=\".pdf,.jpg,.jpeg,.png,.obj,.stl\" aria-required=\"true\" aria-invalid=\"false\" type=\"file\" name=\"fotodocumento\" \/><\/span> <\/label>\n<\/p>\n<p style=\"font-family: 'GlobalDental', sans-serif; font-weight: 400; color:#023c5b; padding:0; margin:10px 0 15px;font-size:13px;line-height:15px;\"><span style=\"margin:10px 0;padding: 10px 0;\"><span class=\"wpcf7-form-control-wrap\" data-name=\"pranim\"><span class=\"wpcf7-form-control wpcf7-acceptance\"><span class=\"wpcf7-list-item\"><label><input type=\"checkbox\" name=\"pranim\" value=\"1\" aria-invalid=\"false\" \/><span class=\"wpcf7-list-item-label\"><\/span> The information provided through this application will be processed by the staff of Global Dental Albania, for the sole purpose of sending the quote. You have the right to request the correction or deletion of personal data by contacting the email address info@globaldentalalbania.it <\/p>\n\n<p style=\"font-family: 'GlobalDental', sans-serif; font-weight: 400; color:#023c5b; padding:0; margin:10px 0 15px;font-size:13px;line-height:15px;\">Through my application, I declare the authenticity of the information provided by me and authorize Global Dental Albania to process my personal data only for internal use in accordance with the Law n.9887 of 10.03.2008 on \"Protection of personal data\" and policies Privacy Policy of Global Dental Albania, as detailed at the link https:\/\/www.globaldentalalbania.it\/en\/ <\/p><\/span><\/label><\/span><\/span><\/span><br \/>\n<input class=\"wpcf7-form-control has-spinner wpcf7-submit\" type=\"submit\" value=\"Send\" \/><\/span>\n<\/p><div class=\"wpcf7-response-output\" aria-hidden=\"true\"><\/div>\n<\/form>\n<\/div>\n<\/div><\/div><\/div><\/div><\/div><\/section><section class=\"l-section wpb_row height_small\"><div class=\"l-section-h i-cf\"><div class=\"g-cols vc_row type_default valign_top\"><div class=\"vc_col-sm-12 wpb_column vc_column_container\"><div class=\"vc_column-inner\"><div class=\"wpb_wrapper\"><div class=\"wpb_text_column\" ><div class=\"wpb_wrapper\"><h3 style=\"text-align: center;\">Altri servizi<\/h3>\n<\/div><\/div><div class=\"w-separator size_custom with_line width_30 thick_1 style_solid color_border align_center\" style=\"height:30px\"><div class=\"w-separator-h\"><\/div><\/div><div id=\"ult-carousel-347258587469ff3969daab9\" class=\"ult-carousel-wrapper   ult_horizontal\" data-gutter=\"15\" data-rtl=\"false\" ><div class=\"ult-carousel-39403530469ff3969da985 \" ><div class=\"ult-item-wrap\" data-animation=\"animated no-animation\"><div class=\"wpb_text_column us_custom_fdb337c6\" ><div class=\"wpb_wrapper\"><h4 style=\"text-align: center;\"><a style=\"text-decoration: none;\" href=\"https:\/\/www.globaldentalalbania.it\/en\/servizzi\/odontoiatria-estetica\/\"><img loading=\"lazy\" decoding=\"async\" class=\"aligncenter wp-image-7983\" src=\"https:\/\/www.globaldentalalbania.it\/en\/files\/2021\/02\/034-care-300x300.png\" alt=\"\" width=\"200\" height=\"200\" srcset=\"https:\/\/www.globaldentalalbania.it\/en\/files\/2021\/02\/034-care-300x300.png 300w, https:\/\/www.globaldentalalbania.it\/en\/files\/2021\/02\/034-care-150x150.png 150w, https:\/\/www.globaldentalalbania.it\/en\/files\/2021\/02\/034-care.png 512w\" sizes=\"auto, (max-width: 200px) 100vw, 200px\" \/><br \/>\nOdontoiatria Estetica<\/a><\/h4>\n<\/div><\/div><\/div><div class=\"ult-item-wrap\" data-animation=\"animated no-animation\"><div class=\"wpb_text_column us_custom_fdb337c6\" ><div class=\"wpb_wrapper\"><h4 style=\"text-align: center;\"><a style=\"text-decoration: none;\" href=\"https:\/\/www.globaldentalalbania.it\/en\/servizzi\/ortopanoramica-digitale\/\"><img loading=\"lazy\" decoding=\"async\" class=\"aligncenter wp-image-7988 size-medium\" src=\"https:\/\/www.globaldentalalbania.it\/en\/files\/2021\/02\/panoramic-300x300.png\" alt=\"\" width=\"200\" height=\"200\" srcset=\"https:\/\/www.globaldentalalbania.it\/en\/files\/2021\/02\/panoramic-300x300.png 300w, https:\/\/www.globaldentalalbania.it\/en\/files\/2021\/02\/panoramic-150x150.png 150w, https:\/\/www.globaldentalalbania.it\/en\/files\/2021\/02\/panoramic.png 512w\" sizes=\"auto, (max-width: 200px) 100vw, 200px\" \/><br \/>\nOrtopanoramica Digitale<\/a><\/h4>\n<\/div><\/div><\/div><div class=\"ult-item-wrap\" data-animation=\"animated no-animation\"><div class=\"wpb_text_column us_custom_fdb337c6\" ><div class=\"wpb_wrapper\"><h4 style=\"text-align: center;\"><a style=\"text-decoration: none;\" href=\"https:\/\/www.globaldentalalbania.it\/en\/servizzi\/corone-dentali\/\"><img loading=\"lazy\" decoding=\"async\" class=\"aligncenter wp-image-8005\" src=\"https:\/\/www.globaldentalalbania.it\/en\/files\/2021\/02\/crown-300x300.png\" alt=\"\" width=\"200\" height=\"200\" srcset=\"https:\/\/www.globaldentalalbania.it\/en\/files\/2021\/02\/crown-300x300.png 300w, https:\/\/www.globaldentalalbania.it\/en\/files\/2021\/02\/crown-150x150.png 150w, https:\/\/www.globaldentalalbania.it\/en\/files\/2021\/02\/crown.png 512w\" sizes=\"auto, (max-width: 200px) 100vw, 200px\" \/><br \/>\nCorone Dentali<\/a><\/h4>\n<\/div><\/div><\/div><\/div><\/div>\t\t\t<script type=\"text\/javascript\">\r\n\t\t\t\tjQuery(document).ready(function ($) {\r\n\t\t\t\t\tif( typeof jQuery('.ult-carousel-39403530469ff3969da985').slick == \"function\"){\r\n\t\t\t\t\t\t$('.ult-carousel-39403530469ff3969da985').slick({dots: true,autoplay: true,autoplaySpeed: 5000,speed: 300,infinite: true,arrows: true,nextArrow: '<button type=\"button\" role=\"button\" aria-label=\"Next\" style=\"color:#333333; font-size:20px;\" class=\"slick-next default\"><i class=\"ultsl-arrow-right4\"><\/i><\/button>',prevArrow: '<button type=\"button\" role=\"button\" aria-label=\"Previous\" style=\"color:#333333; font-size:20px;\" class=\"slick-prev default\"><i class=\"ultsl-arrow-left4\"><\/i><\/button>',slidesToScroll:3,slidesToShow:3,swipe: true,draggable: true,touchMove: true,pauseOnHover: true,pauseOnFocus: false,responsive: [\r\n\t\t\t\t\t\t\t{\r\n\t\t\t\t\t\t\t  breakpoint: 1026,\r\n\t\t\t\t\t\t\t  settings: {\r\n\t\t\t\t\t\t\t\tslidesToShow: 3,\r\n\t\t\t\t\t\t\t\tslidesToScroll: 3,  \r\n\t\t\t\t\t\t\t  }\r\n\t\t\t\t\t\t\t},\r\n\t\t\t\t\t\t\t{\r\n\t\t\t\t\t\t\t  breakpoint: 1025,\r\n\t\t\t\t\t\t\t  settings: {\r\n\t\t\t\t\t\t\t\tslidesToShow: 2,\r\n\t\t\t\t\t\t\t\tslidesToScroll: 2\r\n\t\t\t\t\t\t\t  }\r\n\t\t\t\t\t\t\t},\r\n\t\t\t\t\t\t\t{\r\n\t\t\t\t\t\t\t  breakpoint: 760,\r\n\t\t\t\t\t\t\t  settings: {\r\n\t\t\t\t\t\t\t\tslidesToShow: 1,\r\n\t\t\t\t\t\t\t\tslidesToScroll: 1\r\n\t\t\t\t\t\t\t  }\r\n\t\t\t\t\t\t\t}\r\n\t\t\t\t\t\t],pauseOnDotsHover: true,customPaging: function(slider, i) {\r\n                   return '<i type=\"button\" style= \"color:#333333;\" class=\"ultsl-record\" data-role=\"none\"><\/i>';\r\n                },});\r\n\t\t\t\t\t}\r\n\t\t\t\t});\r\n\t\t\t<\/script>\r\n\t\t\t<\/div><\/div><\/div><\/div><\/div><\/section>\n","protected":false},"excerpt":{"rendered":"Odontoiatria EsteticaHomePages Cosa \u00e8 odontoiatria estetica? La Odontoiatria Estetica comprende tutti i rami della stomatologia che servono a creare denti e sorriso perfetti, essa comprende i trattamenti di sbiancamento denti, innesto delle corone e faccette e il trattamento detto\u00b0hollywood smile\u201c 1. Sbiancamenti denti Con il consumo costante di caff\u00e8, sigarette e bibite gassate i nostri...","protected":false},"author":1,"featured_media":0,"parent":2,"menu_order":0,"comment_status":"closed","ping_status":"closed","template":"","meta":{"_joinchat":[],"footnotes":""},"class_list":["post-8047","page","type-page","status-publish","hentry"],"_links":{"self":[{"href":"https:\/\/www.globaldentalalbania.it\/en\/wp-json\/wp\/v2\/pages\/8047","targetHints":{"allow":["GET"]}}],"collection":[{"href":"https:\/\/www.globaldentalalbania.it\/en\/wp-json\/wp\/v2\/pages"}],"about":[{"href":"https:\/\/www.globaldentalalbania.it\/en\/wp-json\/wp\/v2\/types\/page"}],"author":[{"embeddable":true,"href":"https:\/\/www.globaldentalalbania.it\/en\/wp-json\/wp\/v2\/users\/1"}],"replies":[{"embeddable":true,"href":"https:\/\/www.globaldentalalbania.it\/en\/wp-json\/wp\/v2\/comments?post=8047"}],"version-history":[{"count":57,"href":"https:\/\/www.globaldentalalbania.it\/en\/wp-json\/wp\/v2\/pages\/8047\/revisions"}],"predecessor-version":[{"id":8229,"href":"https:\/\/www.globaldentalalbania.it\/en\/wp-json\/wp\/v2\/pages\/8047\/revisions\/8229"}],"up":[{"embeddable":true,"href":"https:\/\/www.globaldentalalbania.it\/en\/wp-json\/wp\/v2\/pages\/2"}],"wp:attachment":[{"href":"https:\/\/www.globaldentalalbania.it\/en\/wp-json\/wp\/v2\/media?parent=8047"}],"curies":[{"name":"wp","href":"https:\/\/api.w.org\/{rel}","templated":true}]}}